{"id":2,"date":"2026-03-18T12:26:51","date_gmt":"2026-03-18T12:26:51","guid":{"rendered":"https:\/\/gekko.dk\/?page_id=2"},"modified":"2026-03-19T09:55:45","modified_gmt":"2026-03-19T09:55:45","slug":"sample-page","status":"publish","type":"page","link":"https:\/\/gekko.dk\/","title":{"rendered":"Forside"},"content":{"rendered":"\n<p>Madagaskars gekkoer udg\u00f8r en unik og mangfoldig gruppe af \u00f8gler, tilpasset \u00f8ens varierede habitater fra t\u00f8rre buskomr\u00e5der til fugtige regnskove. Mange arter er endemiske og viser kamuflerende farvem\u00f8nstre og natlig adf\u00e6rd, hvilket afspejler en lang evolutionshistorie pr\u00e6get af isolation og nicheopdeling. Fossile fund og molekyl\u00e6r fylogeni peger p\u00e5, at gekko-linjer p\u00e5 \u00f8en har udviklet sig uafh\u00e6ngigt i millioner af \u00e5r, hvilket g\u00f8r Madagaskars gekkofauna vigtig for studier af \u00f8biogeografi og speciering.<\/p>\n\n\n\n<blockquote class=\"wp-block-quote is-layout-flow wp-block-quote-is-layout-flow\">\n<p>&#8220;Cielaen af morbide \u00f8kosystemer p\u00e5 Madagaskar har skabt betingelser for en enest\u00e5ende radiationsproces hos gekkoer, hvor sm\u00e5 forskelle i habitat har fremkaldt stor artsdiversitet.&#8221; <br>\u2014 Dr. Frank Glaw, herpetolog med speciale i madagaskiske krybdyr.<\/p>\n<\/blockquote>\n\n\n\n<p>Disse iagttagelser understreger, at b\u00e5de feltstudier og molekyl\u00e6re analyser sammen giver et nuanceret billede af, hvordan geografisk isolation og lokale milj\u00f8faktorer har drevet diversificeringen af gekkoer p\u00e5 Madagaskar.<\/p>\n\n\n\n<blockquote class=\"wp-block-quote is-layout-flow wp-block-quote-is-layout-flow\">\n<p>&#8220;Genetiske analyser viser, at mange af de mest farvestr\u00e5lende og specialiserede gekkoarter p\u00e5 Madagaskar er resultatet af langvarig isolation og lokal tilpasning snarere end nylig indvandring.&#8221; <br>\u2014 Prof. Mark D. Scherz, biolog og ekspert i \u00f8-lignende evolution.<\/p>\n<\/blockquote>\n\n\n\n<p>Hvis du har tilf\u00f8jelser, der kan gavne formidlingen, s\u00e5 tag endelig kontakt.<\/p>\n\n\n\n<p><\/p>\n","protected":false},"excerpt":{"rendered":"<p>Madagaskars gekkoer udg\u00f8r en unik og mangfoldig gruppe af \u00f8gler, tilpasset \u00f8ens varierede habitater fra t\u00f8rre buskomr\u00e5der til fugtige regnskove. Mange arter er endemiske og viser kamuflerende farvem\u00f8nstre og natlig adf\u00e6rd, hvilket afspejler en lang evolutionshistorie pr\u00e6get af isolation og nicheopdeling. Fossile fund og molekyl\u00e6r fylogeni peger p\u00e5, at gekko-linjer p\u00e5 \u00f8en har udviklet sig [&hellip;]<\/p>\n","protected":false},"author":1,"featured_media":0,"parent":0,"menu_order":0,"comment_status":"closed","ping_status":"open","template":"","meta":{"footnotes":""},"class_list":["post-2","page","type-page","status-publish","hentry"],"_links":{"self":[{"href":"https:\/\/gekko.dk\/index.php?rest_route=\/wp\/v2\/pages\/2","targetHints":{"allow":["GET"]}}],"collection":[{"href":"https:\/\/gekko.dk\/index.php?rest_route=\/wp\/v2\/pages"}],"about":[{"href":"https:\/\/gekko.dk\/index.php?rest_route=\/wp\/v2\/types\/page"}],"author":[{"embeddable":true,"href":"https:\/\/gekko.dk\/index.php?rest_route=\/wp\/v2\/users\/1"}],"replies":[{"embeddable":true,"href":"https:\/\/gekko.dk\/index.php?rest_route=%2Fwp%2Fv2%2Fcomments&post=2"}],"version-history":[{"count":69,"href":"https:\/\/gekko.dk\/index.php?rest_route=\/wp\/v2\/pages\/2\/revisions"}],"predecessor-version":[{"id":117,"href":"https:\/\/gekko.dk\/index.php?rest_route=\/wp\/v2\/pages\/2\/revisions\/117"}],"wp:attachment":[{"href":"https:\/\/gekko.dk\/index.php?rest_route=%2Fwp%2Fv2%2Fmedia&parent=2"}],"curies":[{"name":"wp","href":"https:\/\/api.w.org\/{rel}","templated":true}]}}